{"id":36035,"date":"2022-08-25T15:35:17","date_gmt":"2022-08-25T13:35:17","guid":{"rendered":"https:\/\/cansee.biz\/podrska-za-menadjzere-i-timove\/"},"modified":"2022-09-05T10:40:29","modified_gmt":"2022-09-05T08:40:29","slug":"podrska-za-menadjzere-i-timove","status":"publish","type":"page","link":"https:\/\/cansee.biz\/sr\/podrska-za-menadjzere-i-timove\/","title":{"rendered":"Podr\u0161ka za mena\u0111\u017eere i timove"},"content":{"rendered":"\t\t<div data-elementor-type=\"wp-page\" data-elementor-id=\"36035\" class=\"elementor elementor-36035\" data-elementor-post-type=\"page\">\n\t\t\t\t\t\t<section class=\"elementor-section elementor-top-section elementor-element elementor-element-1cc3a99 elementor-section-boxed elementor-section-height-default elementor-section-height-default\" data-id=\"1cc3a99\" data-element_type=\"section\" data-e-type=\"section\" data-settings=\"{&quot;background_background&quot;:&quot;classic&quot;}\">\n\t\t\t\t\t\t<div class=\"elementor-container elementor-column-gap-no\">\n\t\t\t\t\t<div class=\"elementor-column elementor-col-100 elementor-top-column elementor-element elementor-element-9142b72\" data-id=\"9142b72\" data-element_type=\"column\" data-e-type=\"column\">\n\t\t\t<div class=\"elementor-widget-wrap elementor-element-populated\">\n\t\t\t\t\t\t<section class=\"elementor-section elementor-inner-section elementor-element elementor-element-87b4881 elementor-section-full_width elementor-section-height-default elementor-section-height-default\" data-id=\"87b4881\" data-element_type=\"section\" data-e-type=\"section\">\n\t\t\t\t\t\t<div class=\"elementor-container elementor-column-gap-no\">\n\t\t\t\t\t<div class=\"elementor-column elementor-col-100 elementor-inner-column elementor-element elementor-element-2c31147\" data-id=\"2c31147\" data-element_type=\"column\" data-e-type=\"column\">\n\t\t\t<div class=\"elementor-widget-wrap elementor-element-populated\">\n\t\t\t\t\t\t<div class=\"elementor-element elementor-element-da079c6 elementor-widget elementor-widget-nxg-pre-title\" data-id=\"da079c6\" data-element_type=\"widget\" data-e-type=\"widget\" data-widget_type=\"nxg-pre-title.default\">\n\t\t\t\t<div class=\"elementor-widget-container\">\n\t\t\t\t\t\r\n    <div class=\"text-center\">\r\n      <h6 class=\"pre-title\">\r\n        COVID-19      <\/h6>\r\n    <\/div>\r\n\r\n  \t\t\t\t<\/div>\n\t\t\t\t<\/div>\n\t\t\t\t<div class=\"elementor-element elementor-element-113a717 elementor-widget elementor-widget-nxg-dual-heading\" data-id=\"113a717\" data-element_type=\"widget\" data-e-type=\"widget\" data-widget_type=\"nxg-dual-heading.default\">\n\t\t\t\t<div class=\"elementor-widget-container\">\n\t\t\t\t\t\r\n    <div class=\"text-center\">\r\n      <h2 class=\"heading\">\r\n        Support for Managers and Teams      <\/h2>\r\n    <\/div>\r\n\r\n  \t\t\t\t<\/div>\n\t\t\t\t<\/div>\n\t\t\t\t\t<\/div>\n\t\t<\/div>\n\t\t\t\t\t<\/div>\n\t\t<\/section>\n\t\t\t\t<section class=\"elementor-section elementor-inner-section elementor-element elementor-element-aee44d2 elementor-section-full_width elementor-section-height-default elementor-section-height-default\" data-id=\"aee44d2\" data-element_type=\"section\" data-e-type=\"section\">\n\t\t\t\t\t\t<div class=\"elementor-container elementor-column-gap-no\">\n\t\t\t\t\t<div class=\"elementor-column elementor-col-100 elementor-inner-column elementor-element elementor-element-5e58c1c\" data-id=\"5e58c1c\" data-element_type=\"column\" data-e-type=\"column\">\n\t\t\t<div class=\"elementor-widget-wrap elementor-element-populated\">\n\t\t\t\t\t\t<div class=\"elementor-element elementor-element-6406132 elementor-widget elementor-widget-nxg-post-grid\" data-id=\"6406132\" data-element_type=\"widget\" data-e-type=\"widget\" data-widget_type=\"nxg-post-grid.default\">\n\t\t\t\t<div class=\"elementor-widget-container\">\n\t\t\t\t\t\r\n\t\t<section class=\"showcase blog-grid filter-section projects\">\r\n\t\t\t<div class=\"overflow-holder\">\r\n\r\n\t\t\t\t\r\n\t\t\t\t\t<div class=\"row justify-content-center text-center\">\r\n\t\t\t\t\t\t<div class=\"col-12\">\r\n\t\t\t\t\t\t\t<div class=\"btn-group btn-group-toggle\" data-toggle=\"buttons\">\r\n\r\n\t\t\t\t\t\t\t\t\r\n\t\t\t\t\t\t\t\t\r\n\t\t\t\t\t\t\t\t\t\t<label class=\"btn\">\r\n\t\t\t\t\t\t\t\t\t\t\t<input type=\"radio\" value=\"102\" class=\"btn-filter-item\">\r\n\t\t\t\t\t\t\t\t\t\t\t<span>COVID-19<\/span>\r\n\t\t\t\t\t\t\t\t\t\t<\/label>\r\n\r\n\t\t\t\t\t\t\t\t\t\r\n\t\t\t\t\t\t\t<\/div>\r\n\t\t\t\t\t\t<\/div>\r\n\t\t\t\t\t<\/div>\r\n\r\n\t\t\t\t\r\n\t\t\t\t<div class=\"row items filter-items\">\r\n\r\n\t\t\t\t\t\r\n\t\t\t\t\t\t\t\t\t\t\t<div class=\"col-1 filter-sizer\"><\/div>\r\n\t\t\t\t\t\r\n\t\t\t\t<\/div>\r\n\r\n\t\t\t\t\r\n\t\t\t<\/div>\r\n\t\t<\/section>\r\n\r\n  \t\t\t\t<\/div>\n\t\t\t\t<\/div>\n\t\t\t\t\t<\/div>\n\t\t<\/div>\n\t\t\t\t\t<\/div>\n\t\t<\/section>\n\t\t\t\t\t<\/div>\n\t\t<\/div>\n\t\t\t\t\t<\/div>\n\t\t<\/section>\n\t\t\t\t<\/div>\n\t\t","protected":false},"excerpt":{"rendered":"<p>COVID-19 Support for Managers and Teams COVID-19 THE CASE FOR REOPENING ECONOMIES BY SECTOR The greatest challenge we face in&#8230;<\/p>\n","protected":false},"author":1,"featured_media":0,"parent":0,"menu_order":0,"comment_status":"closed","ping_status":"closed","template":"templates\/full-width.php","meta":{"_acf_changed":false,"footnotes":""},"class_list":["post-36035","page","type-page","status-publish","hentry"],"acf":[],"yoast_head":"<!-- This site is optimized with the Yoast SEO plugin v27.4 - https:\/\/yoast.com\/product\/yoast-seo-wordpress\/ -->\n<title>Podr\u0161ka za mena\u0111\u017eere i timove &#8226; CANSEE<\/title>\n<meta name=\"description\" content=\"We are full-service member-drivern business association focused on creating and developing economic relationship between Canada and Serbia.\" \/>\n<meta name=\"robots\" content=\"index, follow, max-snippet:-1, max-image-preview:large, max-video-preview:-1\" \/>\n<link rel=\"canonical\" href=\"https:\/\/cansee.biz\/sr\/podrska-za-menadjzere-i-timove\/\" \/>\n<meta property=\"og:locale\" content=\"sr_RS\" \/>\n<meta property=\"og:type\" content=\"article\" \/>\n<meta property=\"og:title\" content=\"Podr\u0161ka za mena\u0111\u017eere i timove &#8226; CANSEE\" \/>\n<meta property=\"og:description\" content=\"We are full-service member-drivern business association focused on creating and developing economic relationship between Canada and Serbia.\" \/>\n<meta property=\"og:url\" content=\"https:\/\/cansee.biz\/sr\/podrska-za-menadjzere-i-timove\/\" \/>\n<meta property=\"og:site_name\" content=\"CANSEE\" \/>\n<meta property=\"article:publisher\" content=\"https:\/\/www.facebook.com\/canseeserbia\/\" \/>\n<meta property=\"article:modified_time\" content=\"2022-09-05T08:40:29+00:00\" \/>\n<meta property=\"og:image\" content=\"https:\/\/cansee.biz\/wp-content\/uploads\/2022\/08\/900x900_May20_19_1213059143.jpg-mala.jpg\" \/>\n<meta name=\"twitter:card\" content=\"summary_large_image\" \/>\n<meta name=\"twitter:site\" content=\"@CanseeSerbia\" \/>\n<meta name=\"twitter:label1\" content=\"\u041f\u0440\u043e\u0446\u0435\u045a\u0435\u043d\u043e \u0432\u0440\u0435\u043c\u0435 \u0447\u0438\u0442\u0430\u045a\u0430\" \/>\n\t<meta name=\"twitter:data1\" content=\"2 \u043c\u0438\u043d\u0443\u0442\u0430\" \/>\n<script type=\"application\/ld+json\" class=\"yoast-schema-graph\">{\"@context\":\"https:\\\/\\\/schema.org\",\"@graph\":[{\"@type\":\"WebPage\",\"@id\":\"https:\\\/\\\/cansee.biz\\\/sr\\\/podrska-za-menadjzere-i-timove\\\/\",\"url\":\"https:\\\/\\\/cansee.biz\\\/sr\\\/podrska-za-menadjzere-i-timove\\\/\",\"name\":\"Podr\u0161ka za mena\u0111\u017eere i timove &#8226; CANSEE\",\"isPartOf\":{\"@id\":\"https:\\\/\\\/cansee.biz\\\/#website\"},\"primaryImageOfPage\":{\"@id\":\"https:\\\/\\\/cansee.biz\\\/sr\\\/podrska-za-menadjzere-i-timove\\\/#primaryimage\"},\"image\":{\"@id\":\"https:\\\/\\\/cansee.biz\\\/sr\\\/podrska-za-menadjzere-i-timove\\\/#primaryimage\"},\"thumbnailUrl\":\"https:\\\/\\\/cansee.biz\\\/wp-content\\\/uploads\\\/2022\\\/08\\\/900x900_May20_19_1213059143.jpg-mala.jpg\",\"datePublished\":\"2022-08-25T13:35:17+00:00\",\"dateModified\":\"2022-09-05T08:40:29+00:00\",\"description\":\"We are full-service member-drivern business association focused on creating and developing economic relationship between Canada and Serbia.\",\"breadcrumb\":{\"@id\":\"https:\\\/\\\/cansee.biz\\\/sr\\\/podrska-za-menadjzere-i-timove\\\/#breadcrumb\"},\"inLanguage\":\"sr-RS\",\"potentialAction\":[{\"@type\":\"ReadAction\",\"target\":[\"https:\\\/\\\/cansee.biz\\\/sr\\\/podrska-za-menadjzere-i-timove\\\/\"]}]},{\"@type\":\"ImageObject\",\"inLanguage\":\"sr-RS\",\"@id\":\"https:\\\/\\\/cansee.biz\\\/sr\\\/podrska-za-menadjzere-i-timove\\\/#primaryimage\",\"url\":\"https:\\\/\\\/cansee.biz\\\/wp-content\\\/uploads\\\/2022\\\/08\\\/900x900_May20_19_1213059143.jpg-mala.jpg\",\"contentUrl\":\"https:\\\/\\\/cansee.biz\\\/wp-content\\\/uploads\\\/2022\\\/08\\\/900x900_May20_19_1213059143.jpg-mala.jpg\"},{\"@type\":\"BreadcrumbList\",\"@id\":\"https:\\\/\\\/cansee.biz\\\/sr\\\/podrska-za-menadjzere-i-timove\\\/#breadcrumb\",\"itemListElement\":[{\"@type\":\"ListItem\",\"position\":1,\"name\":\"Home\",\"item\":\"https:\\\/\\\/cansee.biz\\\/\"},{\"@type\":\"ListItem\",\"position\":2,\"name\":\"Podr\u0161ka za mena\u0111\u017eere i timove\"}]},{\"@type\":\"WebSite\",\"@id\":\"https:\\\/\\\/cansee.biz\\\/#website\",\"url\":\"https:\\\/\\\/cansee.biz\\\/\",\"name\":\"CANSEE\",\"description\":\"Canadian-Serbian Business Association\",\"publisher\":{\"@id\":\"https:\\\/\\\/cansee.biz\\\/#organization\"},\"potentialAction\":[{\"@type\":\"SearchAction\",\"target\":{\"@type\":\"EntryPoint\",\"urlTemplate\":\"https:\\\/\\\/cansee.biz\\\/?s={search_term_string}\"},\"query-input\":{\"@type\":\"PropertyValueSpecification\",\"valueRequired\":true,\"valueName\":\"search_term_string\"}}],\"inLanguage\":\"sr-RS\"},{\"@type\":\"Organization\",\"@id\":\"https:\\\/\\\/cansee.biz\\\/#organization\",\"name\":\"CANSEE \u2022 Canadian Serbian Business Association\",\"url\":\"https:\\\/\\\/cansee.biz\\\/\",\"logo\":{\"@type\":\"ImageObject\",\"inLanguage\":\"sr-RS\",\"@id\":\"https:\\\/\\\/cansee.biz\\\/#\\\/schema\\\/logo\\\/image\\\/\",\"url\":\"https:\\\/\\\/cansee.biz\\\/wp-content\\\/uploads\\\/2022\\\/08\\\/Cansee-share-image.png\",\"contentUrl\":\"https:\\\/\\\/cansee.biz\\\/wp-content\\\/uploads\\\/2022\\\/08\\\/Cansee-share-image.png\",\"width\":1200,\"height\":630,\"caption\":\"CANSEE \u2022 Canadian Serbian Business Association\"},\"image\":{\"@id\":\"https:\\\/\\\/cansee.biz\\\/#\\\/schema\\\/logo\\\/image\\\/\"},\"sameAs\":[\"https:\\\/\\\/www.facebook.com\\\/canseeserbia\\\/\",\"https:\\\/\\\/x.com\\\/CanseeSerbia\",\"https:\\\/\\\/www.linkedin.com\\\/company\\\/cansee?trk=top_nav_home\"]}]}<\/script>\n<!-- \/ Yoast SEO plugin. -->","yoast_head_json":{"title":"Podr\u0161ka za mena\u0111\u017eere i timove &#8226; CANSEE","description":"We are full-service member-drivern business association focused on creating and developing economic relationship between Canada and Serbia.","robots":{"index":"index","follow":"follow","max-snippet":"max-snippet:-1","max-image-preview":"max-image-preview:large","max-video-preview":"max-video-preview:-1"},"canonical":"https:\/\/cansee.biz\/sr\/podrska-za-menadjzere-i-timove\/","og_locale":"sr_RS","og_type":"article","og_title":"Podr\u0161ka za mena\u0111\u017eere i timove &#8226; CANSEE","og_description":"We are full-service member-drivern business association focused on creating and developing economic relationship between Canada and Serbia.","og_url":"https:\/\/cansee.biz\/sr\/podrska-za-menadjzere-i-timove\/","og_site_name":"CANSEE","article_publisher":"https:\/\/www.facebook.com\/canseeserbia\/","article_modified_time":"2022-09-05T08:40:29+00:00","og_image":[{"url":"https:\/\/cansee.biz\/wp-content\/uploads\/2022\/08\/900x900_May20_19_1213059143.jpg-mala.jpg","type":"","width":"","height":""}],"twitter_card":"summary_large_image","twitter_site":"@CanseeSerbia","twitter_misc":{"\u041f\u0440\u043e\u0446\u0435\u045a\u0435\u043d\u043e \u0432\u0440\u0435\u043c\u0435 \u0447\u0438\u0442\u0430\u045a\u0430":"2 \u043c\u0438\u043d\u0443\u0442\u0430"},"schema":{"@context":"https:\/\/schema.org","@graph":[{"@type":"WebPage","@id":"https:\/\/cansee.biz\/sr\/podrska-za-menadjzere-i-timove\/","url":"https:\/\/cansee.biz\/sr\/podrska-za-menadjzere-i-timove\/","name":"Podr\u0161ka za mena\u0111\u017eere i timove &#8226; CANSEE","isPartOf":{"@id":"https:\/\/cansee.biz\/#website"},"primaryImageOfPage":{"@id":"https:\/\/cansee.biz\/sr\/podrska-za-menadjzere-i-timove\/#primaryimage"},"image":{"@id":"https:\/\/cansee.biz\/sr\/podrska-za-menadjzere-i-timove\/#primaryimage"},"thumbnailUrl":"https:\/\/cansee.biz\/wp-content\/uploads\/2022\/08\/900x900_May20_19_1213059143.jpg-mala.jpg","datePublished":"2022-08-25T13:35:17+00:00","dateModified":"2022-09-05T08:40:29+00:00","description":"We are full-service member-drivern business association focused on creating and developing economic relationship between Canada and Serbia.","breadcrumb":{"@id":"https:\/\/cansee.biz\/sr\/podrska-za-menadjzere-i-timove\/#breadcrumb"},"inLanguage":"sr-RS","potentialAction":[{"@type":"ReadAction","target":["https:\/\/cansee.biz\/sr\/podrska-za-menadjzere-i-timove\/"]}]},{"@type":"ImageObject","inLanguage":"sr-RS","@id":"https:\/\/cansee.biz\/sr\/podrska-za-menadjzere-i-timove\/#primaryimage","url":"https:\/\/cansee.biz\/wp-content\/uploads\/2022\/08\/900x900_May20_19_1213059143.jpg-mala.jpg","contentUrl":"https:\/\/cansee.biz\/wp-content\/uploads\/2022\/08\/900x900_May20_19_1213059143.jpg-mala.jpg"},{"@type":"BreadcrumbList","@id":"https:\/\/cansee.biz\/sr\/podrska-za-menadjzere-i-timove\/#breadcrumb","itemListElement":[{"@type":"ListItem","position":1,"name":"Home","item":"https:\/\/cansee.biz\/"},{"@type":"ListItem","position":2,"name":"Podr\u0161ka za mena\u0111\u017eere i timove"}]},{"@type":"WebSite","@id":"https:\/\/cansee.biz\/#website","url":"https:\/\/cansee.biz\/","name":"CANSEE","description":"Canadian-Serbian Business Association","publisher":{"@id":"https:\/\/cansee.biz\/#organization"},"potentialAction":[{"@type":"SearchAction","target":{"@type":"EntryPoint","urlTemplate":"https:\/\/cansee.biz\/?s={search_term_string}"},"query-input":{"@type":"PropertyValueSpecification","valueRequired":true,"valueName":"search_term_string"}}],"inLanguage":"sr-RS"},{"@type":"Organization","@id":"https:\/\/cansee.biz\/#organization","name":"CANSEE \u2022 Canadian Serbian Business Association","url":"https:\/\/cansee.biz\/","logo":{"@type":"ImageObject","inLanguage":"sr-RS","@id":"https:\/\/cansee.biz\/#\/schema\/logo\/image\/","url":"https:\/\/cansee.biz\/wp-content\/uploads\/2022\/08\/Cansee-share-image.png","contentUrl":"https:\/\/cansee.biz\/wp-content\/uploads\/2022\/08\/Cansee-share-image.png","width":1200,"height":630,"caption":"CANSEE \u2022 Canadian Serbian Business Association"},"image":{"@id":"https:\/\/cansee.biz\/#\/schema\/logo\/image\/"},"sameAs":["https:\/\/www.facebook.com\/canseeserbia\/","https:\/\/x.com\/CanseeSerbia","https:\/\/www.linkedin.com\/company\/cansee?trk=top_nav_home"]}]}},"_links":{"self":[{"href":"https:\/\/cansee.biz\/sr\/wp-json\/wp\/v2\/pages\/36035","targetHints":{"allow":["GET"]}}],"collection":[{"href":"https:\/\/cansee.biz\/sr\/wp-json\/wp\/v2\/pages"}],"about":[{"href":"https:\/\/cansee.biz\/sr\/wp-json\/wp\/v2\/types\/page"}],"author":[{"embeddable":true,"href":"https:\/\/cansee.biz\/sr\/wp-json\/wp\/v2\/users\/1"}],"replies":[{"embeddable":true,"href":"https:\/\/cansee.biz\/sr\/wp-json\/wp\/v2\/comments?post=36035"}],"version-history":[{"count":0,"href":"https:\/\/cansee.biz\/sr\/wp-json\/wp\/v2\/pages\/36035\/revisions"}],"wp:attachment":[{"href":"https:\/\/cansee.biz\/sr\/wp-json\/wp\/v2\/media?parent=36035"}],"curies":[{"name":"wp","href":"https:\/\/api.w.org\/{rel}","templated":true}]}}